{"id":178,"date":"2023-02-08T07:36:09","date_gmt":"2023-02-08T07:36:09","guid":{"rendered":"https:\/\/www.mesmedis.com\/web\/?page_id=178"},"modified":"2023-02-08T07:36:12","modified_gmt":"2023-02-08T07:36:12","slug":"vinilo-glase","status":"publish","type":"page","link":"https:\/\/www.mesmedis.com\/web\/vinilo-glase\/","title":{"rendered":"Vinilo Glas\u00e9"},"content":{"rendered":"<p>[et_pb_section fb_built=\u00bb1&#8243; fullwidth=\u00bbon\u00bb _builder_version=\u00bb4.19.5&#8243; _module_preset=\u00bbdefault\u00bb global_colors_info=\u00bb{}\u00bb][et_pb_fullwidth_header title=\u00bbVinilo Glas\u00e9\u00bb admin_label=\u00bbT\u00edtulo de anchura completa\u00bb _builder_version=\u00bb4.19.5&#8243; _module_preset=\u00bbdefault\u00bb hover_enabled=\u00bb0&#8243; global_colors_info=\u00bb{}\u00bb sticky_enabled=\u00bb0&#8243;][\/et_pb_fullwidth_header][\/et_pb_section][et_pb_section fb_built=\u00bb1&#8243; _builder_version=\u00bb4.19.5&#8243; _module_preset=\u00bbdefault\u00bb global_colors_info=\u00bb{}\u00bb][et_pb_row _builder_version=\u00bb4.19.5&#8243; _module_preset=\u00bbdefault\u00bb global_colors_info=\u00bb{}\u00bb][et_pb_column type=\u00bb4_4&#8243; _builder_version=\u00bb4.19.5&#8243; _module_preset=\u00bbdefault\u00bb global_colors_info=\u00bb{}\u00bb][et_pb_text _builder_version=\u00bb4.19.5&#8243; _module_preset=\u00bbdefault\u00bb hover_enabled=\u00bb0&#8243; global_colors_info=\u00bb{}\u00bb sticky_enabled=\u00bb0&#8243;]<\/p>\n<h3>Vinilo Glas\u00e9, al \u00c1cido o Trasl\u00facido para cristales o espejos. Permite reducir la intensidad luminosa y la visibilidad.<\/h3>\n<p>[\/et_pb_text][et_pb_gallery gallery_ids=\u00bb180,181,182,183&#8243; posts_number=\u00bb6&#8243; _builder_version=\u00bb4.19.5&#8243; _module_preset=\u00bbdefault\u00bb custom_margin=\u00bb0px|0px|0px|0px|false|false\u00bb custom_padding=\u00bb0px|0px|0px|0px|false|false\u00bb hover_enabled=\u00bb0&#8243; global_colors_info=\u00bb{}\u00bb sticky_enabled=\u00bb0&#8243;][\/et_pb_gallery][\/et_pb_column][\/et_pb_row][et_pb_row column_structure=\u00bb1_3,1_3,1_3&#8243; _builder_version=\u00bb4.19.5&#8243; _module_preset=\u00bbdefault\u00bb global_colors_info=\u00bb{}\u00bb][et_pb_column type=\u00bb1_3&#8243; _builder_version=\u00bb4.19.5&#8243; _module_preset=\u00bbdefault\u00bb global_colors_info=\u00bb{}\u00bb][\/et_pb_column][et_pb_column type=\u00bb1_3&#8243; _builder_version=\u00bb4.19.5&#8243; _module_preset=\u00bbdefault\u00bb global_colors_info=\u00bb{}\u00bb][et_pb_button button_url=\u00bb@ET-DC@eyJkeW5hbWljIjp0cnVlLCJjb250ZW50IjoicG9zdF9saW5rX3VybF9wYWdlIiwic2V0dGluZ3MiOnsicG9zdF9pZCI6IjQxIn19@\u00bb button_text=\u00bbContacta con nosotros\u00bb button_alignment=\u00bbcenter\u00bb _builder_version=\u00bb4.19.5&#8243; _dynamic_attributes=\u00bbbutton_url\u00bb _module_preset=\u00bbdefault\u00bb global_colors_info=\u00bb{}\u00bb][\/et_pb_button][\/et_pb_column][et_pb_column type=\u00bb1_3&#8243; _builder_version=\u00bb4.19.5&#8243; _module_preset=\u00bbdefault\u00bb global_colors_info=\u00bb{}\u00bb][\/et_pb_column][\/et_pb_row][\/et_pb_section]<\/p>\n","protected":false},"excerpt":{"rendered":"<p>Vinilo Glas\u00e9, al \u00c1cido o Trasl\u00facido para cristales o espejos. Permite reducir la intensidad luminosa y la visibilidad.<\/p>\n","protected":false},"author":1,"featured_media":0,"parent":0,"menu_order":0,"comment_status":"closed","ping_status":"closed","template":"","meta":{"_et_pb_use_builder":"on","_et_pb_old_content":"","_et_gb_content_width":"","footnotes":""},"yoast_head":"<!-- This site is optimized with the Yoast SEO plugin v20.3 - https:\/\/yoast.com\/wordpress\/plugins\/seo\/ -->\n<title>Vinilo Glas\u00e9 - Mesmedis<\/title>\n<meta name=\"robots\" content=\"index, follow, max-snippet:-1, max-image-preview:large, max-video-preview:-1\" \/>\n<link rel=\"canonical\" href=\"https:\/\/www.mesmedis.com\/web\/vinilo-glase\/\" \/>\n<meta property=\"og:locale\" content=\"es_ES\" \/>\n<meta property=\"og:type\" content=\"article\" \/>\n<meta property=\"og:title\" content=\"Vinilo Glas\u00e9 - Mesmedis\" \/>\n<meta property=\"og:description\" content=\"Vinilo Glas\u00e9, al \u00c1cido o Trasl\u00facido para cristales o espejos. Permite reducir la intensidad luminosa y la visibilidad.\" \/>\n<meta property=\"og:url\" content=\"https:\/\/www.mesmedis.com\/web\/vinilo-glase\/\" \/>\n<meta property=\"og:site_name\" content=\"Mesmedis\" \/>\n<meta property=\"article:modified_time\" content=\"2023-02-08T07:36:12+00:00\" \/>\n<meta name=\"twitter:card\" content=\"summary_large_image\" \/>\n<meta name=\"twitter:label1\" content=\"Tiempo de lectura\" \/>\n\t<meta name=\"twitter:data1\" content=\"1 minuto\" \/>\n<script type=\"application\/ld+json\" class=\"yoast-schema-graph\">{\"@context\":\"https:\/\/schema.org\",\"@graph\":[{\"@type\":\"WebPage\",\"@id\":\"https:\/\/www.mesmedis.com\/web\/vinilo-glase\/\",\"url\":\"https:\/\/www.mesmedis.com\/web\/vinilo-glase\/\",\"name\":\"Vinilo Glas\u00e9 - Mesmedis\",\"isPartOf\":{\"@id\":\"https:\/\/www.mesmedis.com\/web\/#website\"},\"datePublished\":\"2023-02-08T07:36:09+00:00\",\"dateModified\":\"2023-02-08T07:36:12+00:00\",\"breadcrumb\":{\"@id\":\"https:\/\/www.mesmedis.com\/web\/vinilo-glase\/#breadcrumb\"},\"inLanguage\":\"es\",\"potentialAction\":[{\"@type\":\"ReadAction\",\"target\":[\"https:\/\/www.mesmedis.com\/web\/vinilo-glase\/\"]}]},{\"@type\":\"BreadcrumbList\",\"@id\":\"https:\/\/www.mesmedis.com\/web\/vinilo-glase\/#breadcrumb\",\"itemListElement\":[{\"@type\":\"ListItem\",\"position\":1,\"name\":\"Portada\",\"item\":\"https:\/\/www.mesmedis.com\/web\/\"},{\"@type\":\"ListItem\",\"position\":2,\"name\":\"Vinilo Glas\u00e9\"}]},{\"@type\":\"WebSite\",\"@id\":\"https:\/\/www.mesmedis.com\/web\/#website\",\"url\":\"https:\/\/www.mesmedis.com\/web\/\",\"name\":\"Mesmedis\",\"description\":\"Just another WordPress site\",\"potentialAction\":[{\"@type\":\"SearchAction\",\"target\":{\"@type\":\"EntryPoint\",\"urlTemplate\":\"https:\/\/www.mesmedis.com\/web\/?s={search_term_string}\"},\"query-input\":\"required name=search_term_string\"}],\"inLanguage\":\"es\"}]}<\/script>\n<!-- \/ Yoast SEO plugin. -->","yoast_head_json":{"title":"Vinilo Glas\u00e9 - Mesmedis","robots":{"index":"index","follow":"follow","max-snippet":"max-snippet:-1","max-image-preview":"max-image-preview:large","max-video-preview":"max-video-preview:-1"},"canonical":"https:\/\/www.mesmedis.com\/web\/vinilo-glase\/","og_locale":"es_ES","og_type":"article","og_title":"Vinilo Glas\u00e9 - Mesmedis","og_description":"Vinilo Glas\u00e9, al \u00c1cido o Trasl\u00facido para cristales o espejos. Permite reducir la intensidad luminosa y la visibilidad.","og_url":"https:\/\/www.mesmedis.com\/web\/vinilo-glase\/","og_site_name":"Mesmedis","article_modified_time":"2023-02-08T07:36:12+00:00","twitter_card":"summary_large_image","twitter_misc":{"Tiempo de lectura":"1 minuto"},"schema":{"@context":"https:\/\/schema.org","@graph":[{"@type":"WebPage","@id":"https:\/\/www.mesmedis.com\/web\/vinilo-glase\/","url":"https:\/\/www.mesmedis.com\/web\/vinilo-glase\/","name":"Vinilo Glas\u00e9 - Mesmedis","isPartOf":{"@id":"https:\/\/www.mesmedis.com\/web\/#website"},"datePublished":"2023-02-08T07:36:09+00:00","dateModified":"2023-02-08T07:36:12+00:00","breadcrumb":{"@id":"https:\/\/www.mesmedis.com\/web\/vinilo-glase\/#breadcrumb"},"inLanguage":"es","potentialAction":[{"@type":"ReadAction","target":["https:\/\/www.mesmedis.com\/web\/vinilo-glase\/"]}]},{"@type":"BreadcrumbList","@id":"https:\/\/www.mesmedis.com\/web\/vinilo-glase\/#breadcrumb","itemListElement":[{"@type":"ListItem","position":1,"name":"Portada","item":"https:\/\/www.mesmedis.com\/web\/"},{"@type":"ListItem","position":2,"name":"Vinilo Glas\u00e9"}]},{"@type":"WebSite","@id":"https:\/\/www.mesmedis.com\/web\/#website","url":"https:\/\/www.mesmedis.com\/web\/","name":"Mesmedis","description":"Just another WordPress site","potentialAction":[{"@type":"SearchAction","target":{"@type":"EntryPoint","urlTemplate":"https:\/\/www.mesmedis.com\/web\/?s={search_term_string}"},"query-input":"required name=search_term_string"}],"inLanguage":"es"}]}},"_links":{"self":[{"href":"https:\/\/www.mesmedis.com\/web\/wp-json\/wp\/v2\/pages\/178"}],"collection":[{"href":"https:\/\/www.mesmedis.com\/web\/wp-json\/wp\/v2\/pages"}],"about":[{"href":"https:\/\/www.mesmedis.com\/web\/wp-json\/wp\/v2\/types\/page"}],"author":[{"embeddable":true,"href":"https:\/\/www.mesmedis.com\/web\/wp-json\/wp\/v2\/users\/1"}],"replies":[{"embeddable":true,"href":"https:\/\/www.mesmedis.com\/web\/wp-json\/wp\/v2\/comments?post=178"}],"version-history":[{"count":3,"href":"https:\/\/www.mesmedis.com\/web\/wp-json\/wp\/v2\/pages\/178\/revisions"}],"predecessor-version":[{"id":187,"href":"https:\/\/www.mesmedis.com\/web\/wp-json\/wp\/v2\/pages\/178\/revisions\/187"}],"wp:attachment":[{"href":"https:\/\/www.mesmedis.com\/web\/wp-json\/wp\/v2\/media?parent=178"}],"curies":[{"name":"wp","href":"https:\/\/api.w.org\/{rel}","templated":true}]}}