{"id":2,"date":"2016-05-10T03:48:21","date_gmt":"2016-05-10T03:48:21","guid":{"rendered":"https:\/\/www.mesmedis.com\/web\/?page_id=2"},"modified":"2025-04-04T09:28:26","modified_gmt":"2025-04-04T09:28:26","slug":"sample-page","status":"publish","type":"page","link":"https:\/\/www.mesmedis.com\/web\/","title":{"rendered":"Home"},"content":{"rendered":"<p>[et_pb_section fb_built=\u00bb1&#8243; disabled_on=\u00bboff|off|off\u00bb _builder_version=\u00bb4.19.5&#8243; _module_preset=\u00bbdefault\u00bb custom_margin=\u00bb0px||0px||false|false\u00bb custom_padding=\u00bb0px||0px||false|false\u00bb global_colors_info=\u00bb{}\u00bb][et_pb_row module_id=\u00bbcont-slider\u00bb _builder_version=\u00bb4.19.5&#8243; _module_preset=\u00bbdefault\u00bb custom_margin=\u00bb0px||||false|false\u00bb custom_padding=\u00bb0px||||false|false\u00bb global_colors_info=\u00bb{}\u00bb][et_pb_column type=\u00bb4_4&#8243; _builder_version=\u00bb4.19.5&#8243; _module_preset=\u00bbdefault\u00bb global_colors_info=\u00bb{}\u00bb][et_pb_text disabled_on=\u00bboff|off|off\u00bb admin_label=\u00bbSlider\u00bb _builder_version=\u00bb4.19.5&#8243; _module_preset=\u00bbdefault\u00bb global_colors_info=\u00bb{}\u00bb]<\/p>\n<div id=\"metaslider-id-528\" style=\"width: 100%;\" class=\"ml-slider-3-97-0 metaslider metaslider-nivo metaslider-528 ml-slider ms-theme-default\" role=\"region\" aria-roledescription=\"Slideshow\" aria-label=\"Nueva presentaci\u00f3n de diapositivas\" data-width=\"1920\">\n    <div id=\"metaslider_container_528\">\n        <div class='slider-wrapper theme-default'><div class='ribbon'><\/div><div id='metaslider_528' class='nivoSlider'><img loading=\"lazy\" decoding=\"async\" src=\"https:\/\/www.mesmedis.com\/web\/wp-content\/uploads\/2023\/02\/slider-03-1.jpg\" height=\"955\" width=\"1920\" data-caption=\"Vallas peque&ntilde;o y gran formato\" title=\"slider-03-1\" alt=\"\" class=\"slider-528 slide-534\" \/><img loading=\"lazy\" decoding=\"async\" src=\"https:\/\/www.mesmedis.com\/web\/wp-content\/uploads\/2023\/02\/slider-04-1.jpg\" height=\"955\" width=\"1920\" data-caption=\"Se&ntilde;alizaci&oacute;n exterior e interior\" title=\"slider-04-1\" alt=\"\" class=\"slider-528 slide-535\" \/><img loading=\"lazy\" decoding=\"async\" src=\"https:\/\/www.mesmedis.com\/web\/wp-content\/uploads\/2023\/02\/slider-02-1.jpg\" height=\"955\" width=\"1920\" data-caption=\"Alta profesionalidad\" title=\"slider-02-1\" alt=\"\" class=\"slider-528 slide-536\" \/><img loading=\"lazy\" decoding=\"async\" src=\"https:\/\/www.mesmedis.com\/web\/wp-content\/uploads\/2023\/02\/slider-01-1.jpg\" height=\"955\" width=\"1920\" data-caption=\"Obra civil y privada\" title=\"slider-01-1\" alt=\"\" class=\"slider-528 slide-537\" \/><img loading=\"lazy\" decoding=\"async\" src=\"https:\/\/www.mesmedis.com\/web\/wp-content\/uploads\/2023\/02\/slider-05-1.jpg\" height=\"955\" width=\"1920\" data-caption=\"Cerramientos\" title=\"slider-05-1\" alt=\"\" class=\"slider-528 slide-538\" \/><\/div><\/div>\n        \n    <\/div>\n<\/div>\n<p>[\/et_pb_text][et_pb_text disabled_on=\u00bboff|off|off\u00bb _builder_version=\u00bb4.19.5&#8243; _module_preset=\u00bbdefault\u00bb global_colors_info=\u00bb{}\u00bb]<\/p>\n<h2 style=\"text-align: center;\">T\u00e9cnica, servicio y tecnolog\u00eda son importantes, pero la confianza es la clave de esta d\u00e9cada \u2026<br \/>\u00bfnos ponemos en marcha?<\/h2>\n<p>[\/et_pb_text][\/et_pb_column][\/et_pb_row][\/et_pb_section][et_pb_section fb_built=\u00bb1&#8243; _builder_version=\u00bb4.19.5&#8243; _module_preset=\u00bbdefault\u00bb global_colors_info=\u00bb{}\u00bb][et_pb_row column_structure=\u00bb1_6,1_6,1_6,1_6,1_6,1_6&#8243; use_custom_gutter=\u00bbon\u00bb gutter_width=\u00bb2&#8243; _builder_version=\u00bb4.19.5&#8243; _module_preset=\u00bbdefault\u00bb width=\u00bb100%\u00bb max_width=\u00bb2560px\u00bb global_colors_info=\u00bb{}\u00bb][et_pb_column type=\u00bb1_6&#8243; _builder_version=\u00bb4.19.5&#8243; _dynamic_attributes=\u00bblink_option_url\u00bb _module_preset=\u00bbdefault\u00bb link_option_url=\u00bb@ET-DC@eyJkeW5hbWljIjp0cnVlLCJjb250ZW50IjoicG9zdF9saW5rX3VybF9wYWdlIiwic2V0dGluZ3MiOnsicG9zdF9pZCI6IjIxIn19@\u00bb global_colors_info=\u00bb{}\u00bb][et_pb_image src=\u00bbhttps:\/\/www.mesmedis.com\/web\/wp-content\/uploads\/2023\/02\/vallas.jpg\u00bb title_text=\u00bbvallas\u00bb force_fullwidth=\u00bbon\u00bb _builder_version=\u00bb4.19.5&#8243; _module_preset=\u00bbdefault\u00bb global_colors_info=\u00bb{}\u00bb][\/et_pb_image][et_pb_text admin_label=\u00bbVallas\u00bb _builder_version=\u00bb4.19.5&#8243; _module_preset=\u00bbdefault\u00bb global_colors_info=\u00bb{}\u00bb]<\/p>\n<h3 style=\"text-align: center;\">Vallas<\/h3>\n<p>[\/et_pb_text][\/et_pb_column][et_pb_column type=\u00bb1_6&#8243; _builder_version=\u00bb4.19.5&#8243; _dynamic_attributes=\u00bblink_option_url\u00bb _module_preset=\u00bbdefault\u00bb link_option_url=\u00bb@ET-DC@eyJkeW5hbWljIjp0cnVlLCJjb250ZW50IjoicG9zdF9saW5rX3VybF9wYWdlIiwic2V0dGluZ3MiOnsicG9zdF9pZCI6IjExMCJ9fQ==@\u00bb global_colors_info=\u00bb{}\u00bb][et_pb_image src=\u00bbhttps:\/\/www.mesmedis.com\/web\/wp-content\/uploads\/2023\/02\/lonas.jpg\u00bb title_text=\u00bblonas\u00bb force_fullwidth=\u00bbon\u00bb _builder_version=\u00bb4.19.5&#8243; _module_preset=\u00bbdefault\u00bb global_colors_info=\u00bb{}\u00bb][\/et_pb_image][et_pb_text admin_label=\u00bbLonas\u00bb _builder_version=\u00bb4.19.5&#8243; _module_preset=\u00bbdefault\u00bb global_colors_info=\u00bb{}\u00bb]<\/p>\n<h3 style=\"text-align: center;\">Lonas<\/h3>\n<p>[\/et_pb_text][\/et_pb_column][et_pb_column type=\u00bb1_6&#8243; _builder_version=\u00bb4.19.5&#8243; _dynamic_attributes=\u00bblink_option_url\u00bb _module_preset=\u00bbdefault\u00bb link_option_url=\u00bb@ET-DC@eyJkeW5hbWljIjp0cnVlLCJjb250ZW50IjoicG9zdF9saW5rX3VybF9wYWdlIiwic2V0dGluZ3MiOnsicG9zdF9pZCI6IjE1OCJ9fQ==@\u00bb global_colors_info=\u00bb{}\u00bb][et_pb_image src=\u00bbhttps:\/\/www.mesmedis.com\/web\/wp-content\/uploads\/2023\/02\/vinilos.jpg\u00bb title_text=\u00bbvinilos\u00bb force_fullwidth=\u00bbon\u00bb _builder_version=\u00bb4.19.5&#8243; _module_preset=\u00bbdefault\u00bb global_colors_info=\u00bb{}\u00bb][\/et_pb_image][et_pb_text admin_label=\u00bbVinilos\u00bb _builder_version=\u00bb4.19.5&#8243; _module_preset=\u00bbdefault\u00bb global_colors_info=\u00bb{}\u00bb]<\/p>\n<h3 style=\"text-align: center;\">Vinilos<\/h3>\n<p>[\/et_pb_text][\/et_pb_column][et_pb_column type=\u00bb1_6&#8243; _builder_version=\u00bb4.19.5&#8243; _dynamic_attributes=\u00bblink_option_url\u00bb _module_preset=\u00bbdefault\u00bb link_option_url=\u00bb@ET-DC@eyJkeW5hbWljIjp0cnVlLCJjb250ZW50IjoicG9zdF9saW5rX3VybF9wYWdlIiwic2V0dGluZ3MiOnsicG9zdF9pZCI6IjIzMyJ9fQ==@\u00bb global_colors_info=\u00bb{}\u00bb][et_pb_image src=\u00bbhttps:\/\/www.mesmedis.com\/web\/wp-content\/uploads\/2023\/02\/carteles.jpg\u00bb title_text=\u00bbcarteles\u00bb force_fullwidth=\u00bbon\u00bb _builder_version=\u00bb4.19.5&#8243; _module_preset=\u00bbdefault\u00bb global_colors_info=\u00bb{}\u00bb][\/et_pb_image][et_pb_text admin_label=\u00bbCarteles\u00bb _builder_version=\u00bb4.19.5&#8243; _module_preset=\u00bbdefault\u00bb global_colors_info=\u00bb{}\u00bb]<\/p>\n<h3 style=\"text-align: center;\">Carteles<\/h3>\n<p>[\/et_pb_text][\/et_pb_column][et_pb_column type=\u00bb1_6&#8243; _builder_version=\u00bb4.19.5&#8243; _dynamic_attributes=\u00bblink_option_url\u00bb _module_preset=\u00bbdefault\u00bb link_option_url=\u00bb@ET-DC@eyJkeW5hbWljIjp0cnVlLCJjb250ZW50IjoicG9zdF9saW5rX3VybF9wYWdlIiwic2V0dGluZ3MiOnsicG9zdF9pZCI6IjI3MyJ9fQ==@\u00bb global_colors_info=\u00bb{}\u00bb][et_pb_image src=\u00bbhttps:\/\/www.mesmedis.com\/web\/wp-content\/uploads\/2023\/02\/cerramientos.jpg\u00bb title_text=\u00bbcerramientos\u00bb force_fullwidth=\u00bbon\u00bb _builder_version=\u00bb4.19.5&#8243; _module_preset=\u00bbdefault\u00bb global_colors_info=\u00bb{}\u00bb][\/et_pb_image][et_pb_text admin_label=\u00bbCerramientos\u00bb _builder_version=\u00bb4.19.5&#8243; _module_preset=\u00bbdefault\u00bb global_colors_info=\u00bb{}\u00bb]<\/p>\n<h3 style=\"text-align: center;\">Cerramientos<\/h3>\n<p>[\/et_pb_text][\/et_pb_column][et_pb_column type=\u00bb1_6&#8243; _builder_version=\u00bb4.19.5&#8243; _dynamic_attributes=\u00bblink_option_url\u00bb _module_preset=\u00bbdefault\u00bb link_option_url=\u00bb@ET-DC@eyJkeW5hbWljIjp0cnVlLCJjb250ZW50IjoicG9zdF9saW5rX3VybF9wYWdlIiwic2V0dGluZ3MiOnsicG9zdF9pZCI6IjMzOCJ9fQ==@\u00bb global_colors_info=\u00bb{}\u00bb][et_pb_image src=\u00bbhttps:\/\/www.mesmedis.com\/web\/wp-content\/uploads\/2023\/02\/rotulos.jpg\u00bb title_text=\u00bbrotulos\u00bb force_fullwidth=\u00bbon\u00bb _builder_version=\u00bb4.19.5&#8243; _module_preset=\u00bbdefault\u00bb global_colors_info=\u00bb{}\u00bb][\/et_pb_image][et_pb_text admin_label=\u00bbR\u00f3tuloss\u00bb _builder_version=\u00bb4.19.5&#8243; _module_preset=\u00bbdefault\u00bb global_colors_info=\u00bb{}\u00bb]<\/p>\n<h3 style=\"text-align: center;\">R\u00f3tulos<\/h3>\n<p>[\/et_pb_text][\/et_pb_column][\/et_pb_row][et_pb_row column_structure=\u00bb1_2,1_2&#8243; _builder_version=\u00bb4.19.5&#8243; _module_preset=\u00bbdefault\u00bb global_colors_info=\u00bb{}\u00bb][et_pb_column type=\u00bb1_2&#8243; _builder_version=\u00bb4.19.5&#8243; _module_preset=\u00bbdefault\u00bb global_colors_info=\u00bb{}\u00bb][et_pb_text _builder_version=\u00bb4.19.5&#8243; _module_preset=\u00bbdefault\u00bb hover_enabled=\u00bb0&#8243; global_colors_info=\u00bb{}\u00bb sticky_enabled=\u00bb0&#8243;]<\/p>\n<h3 style=\"text-align: center;\">Ven a conocernos<\/h3>\n<p style=\"text-align: center;\">Carrer Bronze, 24<br \/>08915\u00a0Badalona<br \/>M\u00f3vil. <span data-olk-copy-source=\"MessageBody\">604 13 72 45<\/span><br \/>Tel. 93 320 92 00<br \/><a href=\"mailto:info@mesmedis.com\">info@mesmedis.com<\/a><\/p>\n<p>[\/et_pb_text][et_pb_button button_url=\u00bb@ET-DC@eyJkeW5hbWljIjp0cnVlLCJjb250ZW50IjoicG9zdF9saW5rX3VybF9wYWdlIiwic2V0dGluZ3MiOnsicG9zdF9pZCI6IjQxIn19@\u00bb button_text=\u00bbContacta con nosotros\u00bb button_alignment=\u00bbcenter\u00bb _builder_version=\u00bb4.19.5&#8243; _dynamic_attributes=\u00bbbutton_url\u00bb _module_preset=\u00bbdefault\u00bb global_colors_info=\u00bb{}\u00bb][\/et_pb_button][\/et_pb_column][et_pb_column type=\u00bb1_2&#8243; _builder_version=\u00bb4.19.5&#8243; _module_preset=\u00bbdefault\u00bb global_colors_info=\u00bb{}\u00bb][et_pb_code _builder_version=\u00bb4.19.5&#8243; _module_preset=\u00bbdefault\u00bb global_colors_info=\u00bb{}\u00bb]<iframe src=\"https:\/\/www.google.com\/maps\/embed?pb=!1m18!1m12!1m3!1d2990.0372510418174!2d2.251991515365221!3d41.460107379257494!2m3!1f0!2f0!3f0!3m2!1i1024!2i768!4f13.1!3m3!1m2!1s0x12a4a3405c9238ed%3A0xf8c6cac867f46b69!2sJmrpublicidad!5e0!3m2!1sca!2ses!4v1679675817479!5m2!1sca!2ses\" width=\"100%\" height=\"450\" style=\"border:0;\" allowfullscreen=\"\" loading=\"lazy\" referrerpolicy=\"no-referrer-when-downgrade\"><\/iframe>[\/et_pb_code][\/et_pb_column][\/et_pb_row][\/et_pb_section]<\/p>\n","protected":false},"excerpt":{"rendered":"<p><div id=\"metaslider-id-528\" style=\"width: 100%;\" class=\"ml-slider-3-97-0 metaslider metaslider-nivo metaslider-528 ml-slider ms-theme-default\" role=\"region\" aria-roledescription=\"Slideshow\" aria-label=\"Nueva presentaci\u00f3n de diapositivas\" data-width=\"1920\">\n    <div id=\"metaslider_container_528\">\n        <div class='slider-wrapper theme-default'><div class='ribbon'><\/div><div id='metaslider_528' class='nivoSlider'><img loading=\"lazy\" decoding=\"async\" src=\"https:\/\/www.mesmedis.com\/web\/wp-content\/uploads\/2023\/02\/slider-03-1.jpg\" height=\"955\" width=\"1920\" data-caption=\"Vallas peque&ntilde;o y gran formato\" title=\"slider-03-1\" alt=\"\" class=\"slider-528 slide-534\" \/><img loading=\"lazy\" decoding=\"async\" src=\"https:\/\/www.mesmedis.com\/web\/wp-content\/uploads\/2023\/02\/slider-04-1.jpg\" height=\"955\" width=\"1920\" data-caption=\"Se&ntilde;alizaci&oacute;n exterior e interior\" title=\"slider-04-1\" alt=\"\" class=\"slider-528 slide-535\" \/><img loading=\"lazy\" decoding=\"async\" src=\"https:\/\/www.mesmedis.com\/web\/wp-content\/uploads\/2023\/02\/slider-02-1.jpg\" height=\"955\" width=\"1920\" data-caption=\"Alta profesionalidad\" title=\"slider-02-1\" alt=\"\" class=\"slider-528 slide-536\" \/><img loading=\"lazy\" decoding=\"async\" src=\"https:\/\/www.mesmedis.com\/web\/wp-content\/uploads\/2023\/02\/slider-01-1.jpg\" height=\"955\" width=\"1920\" data-caption=\"Obra civil y privada\" title=\"slider-01-1\" alt=\"\" class=\"slider-528 slide-537\" \/><img loading=\"lazy\" decoding=\"async\" src=\"https:\/\/www.mesmedis.com\/web\/wp-content\/uploads\/2023\/02\/slider-05-1.jpg\" height=\"955\" width=\"1920\" data-caption=\"Cerramientos\" title=\"slider-05-1\" alt=\"\" class=\"slider-528 slide-538\" \/><\/div><\/div>\n        \n    <\/div>\n<\/div>T\u00e9cnica, servicio y tecnolog\u00eda son importantes, pero la confianza es la clave de esta d\u00e9cada \u2026\u00bfnos ponemos en marcha?VallasLonasVinilosCartelesCerramientosR\u00f3tulosVen a conocernos Carrer Bronze, 2408915\u00a0BadalonaM\u00f3vil. 604 13 72 45Tel. 93 320 92 00info@mesmedis.com<\/p>\n","protected":false},"author":1,"featured_media":0,"parent":0,"menu_order":0,"comment_status":"closed","ping_status":"open","template":"","meta":{"_et_pb_use_builder":"on","_et_pb_old_content":"This is an example page. It's different from a blog post because it will stay in one place and will show up in your site navigation (in most themes). Most people start with an About page that introduces them to potential site visitors. It might say something like this:\r\n\r\n<blockquote>Hi there! I'm a bike messenger by day, aspiring actor by night, and this is my website. I live in Los Angeles, have a great dog named Jack, and I like pi\u00f1a coladas. (And gettin' caught in the rain.)<\/blockquote>\r\n\r\n...or something like this:\r\n\r\n<blockquote>The XYZ Doohickey Company was founded in 1971, and has been providing quality doohickeys to the public ever since. Located in Gotham City, XYZ employs over 2,000 people and does all kinds of awesome things for the Gotham community.<\/blockquote>\r\n\r\nAs a new WordPress user, you should go to <a href=\"https:\/\/www.mesmedis.com\/web\/wp-admin\/\">your dashboard<\/a> to delete this page and create new pages for your content. Have fun!","_et_gb_content_width":"","footnotes":""},"yoast_head":"<!-- This site is optimized with the Yoast SEO plugin v20.3 - https:\/\/yoast.com\/wordpress\/plugins\/seo\/ -->\n<title>Home - Mesmedis<\/title>\n<meta name=\"robots\" content=\"index, follow, max-snippet:-1, max-image-preview:large, max-video-preview:-1\" \/>\n<link rel=\"canonical\" href=\"https:\/\/www.mesmedis.com\/web\/\" \/>\n<meta property=\"og:locale\" content=\"es_ES\" \/>\n<meta property=\"og:type\" content=\"article\" \/>\n<meta property=\"og:title\" content=\"Home - Mesmedis\" \/>\n<meta property=\"og:description\" content=\"T\u00e9cnica, servicio y tecnolog\u00eda son importantes, pero la confianza es la clave de esta d\u00e9cada \u2026\u00bfnos ponemos en marcha?VallasLonasVinilosCartelesCerramientosR\u00f3tulosVen a conocernos Carrer Bronze, 2408915\u00a0BadalonaM\u00f3vil. 604 13 72 45Tel. 93 320 92 00info@mesmedis.com\" \/>\n<meta property=\"og:url\" content=\"https:\/\/www.mesmedis.com\/web\/\" \/>\n<meta property=\"og:site_name\" content=\"Mesmedis\" \/>\n<meta property=\"article:modified_time\" content=\"2025-04-04T09:28:26+00:00\" \/>\n<meta name=\"twitter:card\" content=\"summary_large_image\" \/>\n<meta name=\"twitter:label1\" content=\"Tiempo de lectura\" \/>\n\t<meta name=\"twitter:data1\" content=\"2 minutos\" \/>\n<script type=\"application\/ld+json\" class=\"yoast-schema-graph\">{\"@context\":\"https:\/\/schema.org\",\"@graph\":[{\"@type\":\"WebPage\",\"@id\":\"https:\/\/www.mesmedis.com\/web\/\",\"url\":\"https:\/\/www.mesmedis.com\/web\/\",\"name\":\"Home - Mesmedis\",\"isPartOf\":{\"@id\":\"https:\/\/www.mesmedis.com\/web\/#website\"},\"datePublished\":\"2016-05-10T03:48:21+00:00\",\"dateModified\":\"2025-04-04T09:28:26+00:00\",\"breadcrumb\":{\"@id\":\"https:\/\/www.mesmedis.com\/web\/#breadcrumb\"},\"inLanguage\":\"es\",\"potentialAction\":[{\"@type\":\"ReadAction\",\"target\":[\"https:\/\/www.mesmedis.com\/web\/\"]}]},{\"@type\":\"BreadcrumbList\",\"@id\":\"https:\/\/www.mesmedis.com\/web\/#breadcrumb\",\"itemListElement\":[{\"@type\":\"ListItem\",\"position\":1,\"name\":\"Portada\",\"item\":\"https:\/\/www.mesmedis.com\/web\/\"},{\"@type\":\"ListItem\",\"position\":2,\"name\":\"Home\"}]},{\"@type\":\"WebSite\",\"@id\":\"https:\/\/www.mesmedis.com\/web\/#website\",\"url\":\"https:\/\/www.mesmedis.com\/web\/\",\"name\":\"Mesmedis\",\"description\":\"Just another WordPress site\",\"potentialAction\":[{\"@type\":\"SearchAction\",\"target\":{\"@type\":\"EntryPoint\",\"urlTemplate\":\"https:\/\/www.mesmedis.com\/web\/?s={search_term_string}\"},\"query-input\":\"required name=search_term_string\"}],\"inLanguage\":\"es\"}]}<\/script>\n<!-- \/ Yoast SEO plugin. -->","yoast_head_json":{"title":"Home - Mesmedis","robots":{"index":"index","follow":"follow","max-snippet":"max-snippet:-1","max-image-preview":"max-image-preview:large","max-video-preview":"max-video-preview:-1"},"canonical":"https:\/\/www.mesmedis.com\/web\/","og_locale":"es_ES","og_type":"article","og_title":"Home - Mesmedis","og_description":"T\u00e9cnica, servicio y tecnolog\u00eda son importantes, pero la confianza es la clave de esta d\u00e9cada \u2026\u00bfnos ponemos en marcha?VallasLonasVinilosCartelesCerramientosR\u00f3tulosVen a conocernos Carrer Bronze, 2408915\u00a0BadalonaM\u00f3vil. 604 13 72 45Tel. 93 320 92 00info@mesmedis.com","og_url":"https:\/\/www.mesmedis.com\/web\/","og_site_name":"Mesmedis","article_modified_time":"2025-04-04T09:28:26+00:00","twitter_card":"summary_large_image","twitter_misc":{"Tiempo de lectura":"2 minutos"},"schema":{"@context":"https:\/\/schema.org","@graph":[{"@type":"WebPage","@id":"https:\/\/www.mesmedis.com\/web\/","url":"https:\/\/www.mesmedis.com\/web\/","name":"Home - Mesmedis","isPartOf":{"@id":"https:\/\/www.mesmedis.com\/web\/#website"},"datePublished":"2016-05-10T03:48:21+00:00","dateModified":"2025-04-04T09:28:26+00:00","breadcrumb":{"@id":"https:\/\/www.mesmedis.com\/web\/#breadcrumb"},"inLanguage":"es","potentialAction":[{"@type":"ReadAction","target":["https:\/\/www.mesmedis.com\/web\/"]}]},{"@type":"BreadcrumbList","@id":"https:\/\/www.mesmedis.com\/web\/#breadcrumb","itemListElement":[{"@type":"ListItem","position":1,"name":"Portada","item":"https:\/\/www.mesmedis.com\/web\/"},{"@type":"ListItem","position":2,"name":"Home"}]},{"@type":"WebSite","@id":"https:\/\/www.mesmedis.com\/web\/#website","url":"https:\/\/www.mesmedis.com\/web\/","name":"Mesmedis","description":"Just another WordPress site","potentialAction":[{"@type":"SearchAction","target":{"@type":"EntryPoint","urlTemplate":"https:\/\/www.mesmedis.com\/web\/?s={search_term_string}"},"query-input":"required name=search_term_string"}],"inLanguage":"es"}]}},"_links":{"self":[{"href":"https:\/\/www.mesmedis.com\/web\/wp-json\/wp\/v2\/pages\/2"}],"collection":[{"href":"https:\/\/www.mesmedis.com\/web\/wp-json\/wp\/v2\/pages"}],"about":[{"href":"https:\/\/www.mesmedis.com\/web\/wp-json\/wp\/v2\/types\/page"}],"author":[{"embeddable":true,"href":"https:\/\/www.mesmedis.com\/web\/wp-json\/wp\/v2\/users\/1"}],"replies":[{"embeddable":true,"href":"https:\/\/www.mesmedis.com\/web\/wp-json\/wp\/v2\/comments?post=2"}],"version-history":[{"count":26,"href":"https:\/\/www.mesmedis.com\/web\/wp-json\/wp\/v2\/pages\/2\/revisions"}],"predecessor-version":[{"id":592,"href":"https:\/\/www.mesmedis.com\/web\/wp-json\/wp\/v2\/pages\/2\/revisions\/592"}],"wp:attachment":[{"href":"https:\/\/www.mesmedis.com\/web\/wp-json\/wp\/v2\/media?parent=2"}],"curies":[{"name":"wp","href":"https:\/\/api.w.org\/{rel}","templated":true}]}}