{"id":422,"date":"2023-02-08T11:21:32","date_gmt":"2023-02-08T11:21:32","guid":{"rendered":"https:\/\/www.mesmedis.com\/?page_id=422"},"modified":"2023-02-08T11:21:35","modified_gmt":"2023-02-08T11:21:35","slug":"senalizacion-interior","status":"publish","type":"page","link":"https:\/\/www.mesmedis.com\/web\/senalizacion-interior\/","title":{"rendered":"Se\u00f1alizaci\u00f3n interior"},"content":{"rendered":"<p>[et_pb_section fb_built=\u00bb1&#8243; fullwidth=\u00bbon\u00bb _builder_version=\u00bb4.19.5&#8243; _module_preset=\u00bbdefault\u00bb global_colors_info=\u00bb{}\u00bb][et_pb_fullwidth_header title=\u00bbSe\u00f1alizaci\u00f3n interior\u00bb admin_label=\u00bbT\u00edtulo de anchura completa\u00bb _builder_version=\u00bb4.19.5&#8243; _module_preset=\u00bbdefault\u00bb hover_enabled=\u00bb0&#8243; global_colors_info=\u00bb{}\u00bb sticky_enabled=\u00bb0&#8243;][\/et_pb_fullwidth_header][\/et_pb_section][et_pb_section fb_built=\u00bb1&#8243; _builder_version=\u00bb4.19.5&#8243; _module_preset=\u00bbdefault\u00bb global_colors_info=\u00bb{}\u00bb][et_pb_row _builder_version=\u00bb4.19.5&#8243; _module_preset=\u00bbdefault\u00bb global_colors_info=\u00bb{}\u00bb][et_pb_column type=\u00bb4_4&#8243; _builder_version=\u00bb4.19.5&#8243; _module_preset=\u00bbdefault\u00bb global_colors_info=\u00bb{}\u00bb][et_pb_text _builder_version=\u00bb4.19.5&#8243; _module_preset=\u00bbdefault\u00bb hover_enabled=\u00bb0&#8243; global_colors_info=\u00bb{}\u00bb sticky_enabled=\u00bb0&#8243;]<\/p>\n<h3>Se\u00f1alizaci\u00f3n interior de Orientaci\u00f3n, Emergencia y Seguridad en edificaciones, centros de trabajo y espacios p\u00fablicos cerrados: Pueden ser de Aluminio, PVC, polipropileno, metacrilato, \u2026 desde las m\u00e1s convencionales y econ\u00f3micas (seg\u00fan normativa), hasta las se\u00f1al\u00e9ticas de dise\u00f1o m\u00e1s exclusivas y\/o contempor\u00e1neas.<\/h3>\n<p>[\/et_pb_text][et_pb_gallery gallery_ids=\u00bb423,424,425,426,427,428,429,430,431&#8243; posts_number=\u00bb9&#8243; _builder_version=\u00bb4.19.5&#8243; _module_preset=\u00bbdefault\u00bb custom_margin=\u00bb0px|0px|0px|0px|false|false\u00bb custom_padding=\u00bb0px|0px|0px|0px|false|false\u00bb hover_enabled=\u00bb0&#8243; global_colors_info=\u00bb{}\u00bb sticky_enabled=\u00bb0&#8243;][\/et_pb_gallery][\/et_pb_column][\/et_pb_row][et_pb_row column_structure=\u00bb1_3,1_3,1_3&#8243; _builder_version=\u00bb4.19.5&#8243; _module_preset=\u00bbdefault\u00bb global_colors_info=\u00bb{}\u00bb][et_pb_column type=\u00bb1_3&#8243; _builder_version=\u00bb4.19.5&#8243; _module_preset=\u00bbdefault\u00bb global_colors_info=\u00bb{}\u00bb][\/et_pb_column][et_pb_column type=\u00bb1_3&#8243; _builder_version=\u00bb4.19.5&#8243; _module_preset=\u00bbdefault\u00bb global_colors_info=\u00bb{}\u00bb][et_pb_button button_url=\u00bb@ET-DC@eyJkeW5hbWljIjp0cnVlLCJjb250ZW50IjoicG9zdF9saW5rX3VybF9wYWdlIiwic2V0dGluZ3MiOnsicG9zdF9pZCI6IjQxIn19@\u00bb button_text=\u00bbContacta con nosotros\u00bb button_alignment=\u00bbcenter\u00bb _builder_version=\u00bb4.19.5&#8243; _dynamic_attributes=\u00bbbutton_url\u00bb _module_preset=\u00bbdefault\u00bb global_colors_info=\u00bb{}\u00bb][\/et_pb_button][\/et_pb_column][et_pb_column type=\u00bb1_3&#8243; _builder_version=\u00bb4.19.5&#8243; _module_preset=\u00bbdefault\u00bb global_colors_info=\u00bb{}\u00bb][\/et_pb_column][\/et_pb_row][\/et_pb_section]<\/p>\n","protected":false},"excerpt":{"rendered":"<p>Se\u00f1alizaci\u00f3n interior de Orientaci\u00f3n, Emergencia y Seguridad en edificaciones, centros de trabajo y espacios p\u00fablicos cerrados: Pueden ser de Aluminio, PVC, polipropileno, metacrilato, \u2026 desde las m\u00e1s convencionales y econ\u00f3micas (seg\u00fan normativa), hasta las se\u00f1al\u00e9ticas de dise\u00f1o m\u00e1s exclusivas y\/o contempor\u00e1neas.<\/p>\n","protected":false},"author":1,"featured_media":0,"parent":0,"menu_order":0,"comment_status":"closed","ping_status":"closed","template":"","meta":{"_et_pb_use_builder":"on","_et_pb_old_content":"","_et_gb_content_width":"","footnotes":""},"yoast_head":"<!-- This site is optimized with the Yoast SEO plugin v20.3 - https:\/\/yoast.com\/wordpress\/plugins\/seo\/ -->\n<title>Se\u00f1alizaci\u00f3n interior - Mesmedis<\/title>\n<meta name=\"robots\" content=\"index, follow, max-snippet:-1, max-image-preview:large, max-video-preview:-1\" \/>\n<link rel=\"canonical\" href=\"https:\/\/www.mesmedis.com\/web\/senalizacion-interior\/\" \/>\n<meta property=\"og:locale\" content=\"es_ES\" \/>\n<meta property=\"og:type\" content=\"article\" \/>\n<meta property=\"og:title\" content=\"Se\u00f1alizaci\u00f3n interior - Mesmedis\" \/>\n<meta property=\"og:description\" content=\"Se\u00f1alizaci\u00f3n interior de Orientaci\u00f3n, Emergencia y Seguridad en edificaciones, centros de trabajo y espacios p\u00fablicos cerrados: Pueden ser de Aluminio, PVC, polipropileno, metacrilato, \u2026 desde las m\u00e1s convencionales y econ\u00f3micas (seg\u00fan normativa), hasta las se\u00f1al\u00e9ticas de dise\u00f1o m\u00e1s exclusivas y\/o contempor\u00e1neas.\" \/>\n<meta property=\"og:url\" content=\"https:\/\/www.mesmedis.com\/web\/senalizacion-interior\/\" \/>\n<meta property=\"og:site_name\" content=\"Mesmedis\" \/>\n<meta property=\"article:modified_time\" content=\"2023-02-08T11:21:35+00:00\" \/>\n<meta name=\"twitter:card\" content=\"summary_large_image\" \/>\n<meta name=\"twitter:label1\" content=\"Tiempo de lectura\" \/>\n\t<meta name=\"twitter:data1\" content=\"1 minuto\" \/>\n<script type=\"application\/ld+json\" class=\"yoast-schema-graph\">{\"@context\":\"https:\/\/schema.org\",\"@graph\":[{\"@type\":\"WebPage\",\"@id\":\"https:\/\/www.mesmedis.com\/web\/senalizacion-interior\/\",\"url\":\"https:\/\/www.mesmedis.com\/web\/senalizacion-interior\/\",\"name\":\"Se\u00f1alizaci\u00f3n interior - Mesmedis\",\"isPartOf\":{\"@id\":\"https:\/\/www.mesmedis.com\/web\/#website\"},\"datePublished\":\"2023-02-08T11:21:32+00:00\",\"dateModified\":\"2023-02-08T11:21:35+00:00\",\"breadcrumb\":{\"@id\":\"https:\/\/www.mesmedis.com\/web\/senalizacion-interior\/#breadcrumb\"},\"inLanguage\":\"es\",\"potentialAction\":[{\"@type\":\"ReadAction\",\"target\":[\"https:\/\/www.mesmedis.com\/web\/senalizacion-interior\/\"]}]},{\"@type\":\"BreadcrumbList\",\"@id\":\"https:\/\/www.mesmedis.com\/web\/senalizacion-interior\/#breadcrumb\",\"itemListElement\":[{\"@type\":\"ListItem\",\"position\":1,\"name\":\"Portada\",\"item\":\"https:\/\/www.mesmedis.com\/web\/\"},{\"@type\":\"ListItem\",\"position\":2,\"name\":\"Se\u00f1alizaci\u00f3n interior\"}]},{\"@type\":\"WebSite\",\"@id\":\"https:\/\/www.mesmedis.com\/web\/#website\",\"url\":\"https:\/\/www.mesmedis.com\/web\/\",\"name\":\"Mesmedis\",\"description\":\"Just another WordPress site\",\"potentialAction\":[{\"@type\":\"SearchAction\",\"target\":{\"@type\":\"EntryPoint\",\"urlTemplate\":\"https:\/\/www.mesmedis.com\/web\/?s={search_term_string}\"},\"query-input\":\"required name=search_term_string\"}],\"inLanguage\":\"es\"}]}<\/script>\n<!-- \/ Yoast SEO plugin. -->","yoast_head_json":{"title":"Se\u00f1alizaci\u00f3n interior - Mesmedis","robots":{"index":"index","follow":"follow","max-snippet":"max-snippet:-1","max-image-preview":"max-image-preview:large","max-video-preview":"max-video-preview:-1"},"canonical":"https:\/\/www.mesmedis.com\/web\/senalizacion-interior\/","og_locale":"es_ES","og_type":"article","og_title":"Se\u00f1alizaci\u00f3n interior - Mesmedis","og_description":"Se\u00f1alizaci\u00f3n interior de Orientaci\u00f3n, Emergencia y Seguridad en edificaciones, centros de trabajo y espacios p\u00fablicos cerrados: Pueden ser de Aluminio, PVC, polipropileno, metacrilato, \u2026 desde las m\u00e1s convencionales y econ\u00f3micas (seg\u00fan normativa), hasta las se\u00f1al\u00e9ticas de dise\u00f1o m\u00e1s exclusivas y\/o contempor\u00e1neas.","og_url":"https:\/\/www.mesmedis.com\/web\/senalizacion-interior\/","og_site_name":"Mesmedis","article_modified_time":"2023-02-08T11:21:35+00:00","twitter_card":"summary_large_image","twitter_misc":{"Tiempo de lectura":"1 minuto"},"schema":{"@context":"https:\/\/schema.org","@graph":[{"@type":"WebPage","@id":"https:\/\/www.mesmedis.com\/web\/senalizacion-interior\/","url":"https:\/\/www.mesmedis.com\/web\/senalizacion-interior\/","name":"Se\u00f1alizaci\u00f3n interior - Mesmedis","isPartOf":{"@id":"https:\/\/www.mesmedis.com\/web\/#website"},"datePublished":"2023-02-08T11:21:32+00:00","dateModified":"2023-02-08T11:21:35+00:00","breadcrumb":{"@id":"https:\/\/www.mesmedis.com\/web\/senalizacion-interior\/#breadcrumb"},"inLanguage":"es","potentialAction":[{"@type":"ReadAction","target":["https:\/\/www.mesmedis.com\/web\/senalizacion-interior\/"]}]},{"@type":"BreadcrumbList","@id":"https:\/\/www.mesmedis.com\/web\/senalizacion-interior\/#breadcrumb","itemListElement":[{"@type":"ListItem","position":1,"name":"Portada","item":"https:\/\/www.mesmedis.com\/web\/"},{"@type":"ListItem","position":2,"name":"Se\u00f1alizaci\u00f3n interior"}]},{"@type":"WebSite","@id":"https:\/\/www.mesmedis.com\/web\/#website","url":"https:\/\/www.mesmedis.com\/web\/","name":"Mesmedis","description":"Just another WordPress site","potentialAction":[{"@type":"SearchAction","target":{"@type":"EntryPoint","urlTemplate":"https:\/\/www.mesmedis.com\/web\/?s={search_term_string}"},"query-input":"required name=search_term_string"}],"inLanguage":"es"}]}},"_links":{"self":[{"href":"https:\/\/www.mesmedis.com\/web\/wp-json\/wp\/v2\/pages\/422"}],"collection":[{"href":"https:\/\/www.mesmedis.com\/web\/wp-json\/wp\/v2\/pages"}],"about":[{"href":"https:\/\/www.mesmedis.com\/web\/wp-json\/wp\/v2\/types\/page"}],"author":[{"embeddable":true,"href":"https:\/\/www.mesmedis.com\/web\/wp-json\/wp\/v2\/users\/1"}],"replies":[{"embeddable":true,"href":"https:\/\/www.mesmedis.com\/web\/wp-json\/wp\/v2\/comments?post=422"}],"version-history":[{"count":2,"href":"https:\/\/www.mesmedis.com\/web\/wp-json\/wp\/v2\/pages\/422\/revisions"}],"predecessor-version":[{"id":433,"href":"https:\/\/www.mesmedis.com\/web\/wp-json\/wp\/v2\/pages\/422\/revisions\/433"}],"wp:attachment":[{"href":"https:\/\/www.mesmedis.com\/web\/wp-json\/wp\/v2\/media?parent=422"}],"curies":[{"name":"wp","href":"https:\/\/api.w.org\/{rel}","templated":true}]}}