{"id":501,"date":"2023-02-08T13:02:10","date_gmt":"2023-02-08T13:02:10","guid":{"rendered":"https:\/\/www.mesmedis.com\/?page_id=501"},"modified":"2023-03-24T17:53:46","modified_gmt":"2023-03-24T17:53:46","slug":"politica-de-privacidad","status":"publish","type":"page","link":"https:\/\/www.mesmedis.com\/web\/politica-de-privacidad\/","title":{"rendered":"Pol\u00edtica de privacidad"},"content":{"rendered":"<p>[et_pb_section fb_built=\u00bb1&#8243; fullwidth=\u00bbon\u00bb _builder_version=\u00bb4.19.5&#8243; _module_preset=\u00bbdefault\u00bb global_colors_info=\u00bb{}\u00bb][et_pb_fullwidth_header title=\u00bbPol\u00edtica de privacidad\u00bb admin_label=\u00bbT\u00edtulo de anchura completa\u00bb _builder_version=\u00bb4.19.5&#8243; _module_preset=\u00bbdefault\u00bb global_colors_info=\u00bb{}\u00bb][\/et_pb_fullwidth_header][\/et_pb_section][et_pb_section fb_built=\u00bb1&#8243; _builder_version=\u00bb4.19.5&#8243; _module_preset=\u00bbdefault\u00bb global_colors_info=\u00bb{}\u00bb][et_pb_row _builder_version=\u00bb4.19.5&#8243; _module_preset=\u00bbdefault\u00bb global_colors_info=\u00bb{}\u00bb][et_pb_column type=\u00bb4_4&#8243; _builder_version=\u00bb4.19.5&#8243; _module_preset=\u00bbdefault\u00bb global_colors_info=\u00bb{}\u00bb][et_pb_text _builder_version=\u00bb4.19.5&#8243; _module_preset=\u00bbdefault\u00bb hover_enabled=\u00bb0&#8243; global_colors_info=\u00bb{}\u00bb sticky_enabled=\u00bb0&#8243;]<\/p>\n<h3>INFORMACI\u00d3N AL USUARIO:<\/h3>\n<p>Jordi MR, SL es el responsable del tratamiento de los datos personales del Usuario y le informa que estos datos ser\u00e1n tratados de conformidad con lo dispuesto en el Reglamento (UE) 2016\/679 de 27 de abril de 2016 (GDPR) relativo a la protecci\u00f3n de las personas f\u00edsicas en lo que respecta al tratamiento de datos personales y a la libre circulaci\u00f3n de estos datos, por lo que se le facilita la siguiente informaci\u00f3n del tratamiento:<\/p>\n<p><strong>Fin del tratamiento:<\/strong>\u00a0mantener una relaci\u00f3n comercial con el Usuario. Las operaciones previstas para realizar el tratamiento son:<\/p>\n<p>Remisi\u00f3n de comunicaciones comerciales publicitarias por email, comunidades sociales o cualquier otro medio electr\u00f3nico o f\u00edsico, presente o futuro, que posibilite realizar comunicaciones comerciales. Estas comunicaciones ser\u00e1n realizadas por el Jordi MR, SL y relacionadas sobre sus productos y servicios, o de sus colaboradores o proveedores con los que \u00e9ste haya alcanzado alg\u00fan acuerdo de promoci\u00f3n. En este caso, los terceros nunca tendr\u00e1n acceso a los datos personales.<\/p>\n<p>Realizar estudios estad\u00edsticos.<\/p>\n<p>Tramitar encargos, solicitudes o cualquier tipo de petici\u00f3n que sea realizada por el usuario a trav\u00e9s de cualquiera de las formas de contacto que se ponen a su disposici\u00f3n.<\/p>\n<p>Remitir el bolet\u00edn de noticias de la p\u00e1gina web.<\/p>\n<p>Criterios de conservaci\u00f3n de los datos: se conservar\u00e1n mientras exista un inter\u00e9s mutuo para mantener el fin del tratamiento y cuando ya no sea necesario para tal fin, se suprimir\u00e1n con medidas de seguridad adecuadas para garantizar la seudonimizaci\u00f3n de los datos o la destrucci\u00f3n total de los mismos.<\/p>\n<p><strong>Comunicaci\u00f3n de los datos:<\/strong>\u00a0No se comunicar\u00e1n los datos a terceros, salvo obligaci\u00f3n legal.<\/p>\n<p><strong>Derechos que asisten al Usuario:<\/strong><\/p>\n<p>Derecho a retirar el consentimiento en cualquier momento.<\/p>\n<p>Derecho de acceso, rectificaci\u00f3n, portabilidad y supresi\u00f3n de sus datos y a la limitaci\u00f3n u oposici\u00f3n al su tratamiento.<\/p>\n<p>Derecho a presentar una reclamaci\u00f3n ante la autoridad de control (<a href=\"https:\/\/web.archive.org\/web\/20210805120744\/http:\/\/agpd.es\/\" data-saferedirecturl=\"https:\/\/www.google.com\/url?hl=es&amp;q=http:\/\/agpd.es&amp;source=gmail&amp;ust=1531233312200000&amp;usg=AFQjCNFHwV4qB-fUNT9TmWRGU7j7exh_mw\">agpd.es<\/a>) si considera que el tratamiento no se ajusta a la normativa vigente.<\/p>\n<p><strong>Datos de contacto para ejercer sus derechos:<\/strong><\/p>\n<p>Direcci\u00f3n postal: Jordi MR, SL Carrer Bronze, 24 &#8211; 08915 Badalona (BARCELONA). Email: <a href=\"https:\/\/web.archive.org\/web\/20210805120744\/mailto:info@jmrpublicidad.com\">info@jmrpublicidad.com<\/a><\/p>\n<p>&nbsp;<\/p>\n<h3>CAR\u00c1CTER OBLIGATORIO O FACULTATIVO DE LA INFORMACI\u00d3N FACILITADA POR EL USUARIO<\/h3>\n<p>Los Usuarios, mediante la marcaci\u00f3n de las casillas correspondientes y entrada de datos en los campos, marcados con un asterisco (*) en el formulario de contacto o presentados en formularios de descarga, aceptan expresamente y de forma libre e inequ\u00edvoca, que sus datos son necesarios para atender su petici\u00f3n, por parte del prestador, siendo voluntaria la inclusi\u00f3n de datos en los campos restantes. El Usuario garantiza que los datos personales facilitados a Jordi MR, SL son veraces y se hace responsable de comunicar cualquier modificaci\u00f3n de los mismos.<\/p>\n<p>Jordi MR, SL informa y garantiza expresamente a los usuarios que sus datos personales no ser\u00e1n cedidos en ning\u00fan caso a terceros, y que siempre que realizara alg\u00fan tipo de cesi\u00f3n de datos personales, se pedir\u00e1 previamente el consentimiento expreso, informado e inequ\u00edvoco por parte los Usuarios. Todos los datos solicitados a trav\u00e9s del sitio web son obligatorios, ya que son necesarios para la prestaci\u00f3n de un servicio \u00f3ptimo al Usuario. En caso de que no sean facilitados todos los datos, no se garantiza que la informaci\u00f3n y servicios facilitados sean completamente ajustados a sus necesidades.<\/p>\n<p>&nbsp;<\/p>\n<h3>MEDIDAS DE SEGURIDAD<\/h3>\n<p>Que de conformidad con lo dispuesto en las normativas vigentes en protecci\u00f3n de datos personales, Jordi MR, SL est\u00e1 cumpliendo con todas las disposiciones de las normativas GDPR para el tratamiento de los datos personales de su responsabilidad, y manifiestamente con los principios descritos en el art\u00edculo 5 del GDPR, por los cuales son tratados de manera l\u00edcita, leal y transparente en relaci\u00f3n con el interesado y adecuados, pertinentes y limitados a lo necesario en relaci\u00f3n con los fines para los que son tratados.<\/p>\n<p>Jordi MR, SL garantiza que ha implementado pol\u00edticas t\u00e9cnicas y organizativas apropiadas para aplicar las medidas de seguridad que establecen el GDPR con el fin de proteger los derechos y libertades de los Usuarios y les ha comunicado la informaci\u00f3n adecuada para que puedan ejercerlos<\/p>\n<p>&nbsp;<\/p>\n<h3>POL\u00cdTICA\u00a0DE PRIVACIDAD REDES SOCIALES OFICIALES de Jordi MR, SL<\/h3>\n<p><strong>4.1 Informaci\u00f3n sobre el responsable del tratamiento de los datos alojados en la p\u00e1gina y en la red social:<\/strong><\/p>\n<p>En cumplimiento de lo dispuesto en el Reglamento (UE) 2016\/619 del Parlamento Europeo y del Consejo de 27 de Abril de 2016 relativo a la protecci\u00f3n de las personas f\u00edsicas en lo que respecta al tratamiento de sus Datos Personales y a la Ley Org\u00e1nica 15\/1999, de 13 de diciembre, de Protecci\u00f3n de Datos de Car\u00e1cter Personal, Jordi MR, SL desea poner en conocimiento de los usuarios de esta red social la pol\u00edtica respecto del tratamiento y protecci\u00f3n de los datos de car\u00e1cter personal de aquellas personas que voluntariamente acceden y utilizan nuestro sitio web. El acceso y uso por el usuario de esta p\u00e1gina supone que acepta expresamente esta pol\u00edtica de privacidad y que presta su consentimiento para el tratamiento de sus datos personales seg\u00fan lo previsto en la misma.<\/p>\n<p><strong>4.2 Datos de menores de edad o incapaces<\/strong><\/p>\n<p>El acceso y registro en esta red social est\u00e1 prohibido a los menores de catorce (14) a\u00f1os. Por su parte, si el usuario es incapaz, Jordi MR, SL advierte que ser\u00e1 necesaria la asistencia consentida del titular de la patria potestad o tutela del usuario o su representante legal para el acceso y uso de esta p\u00e1gina y quedar\u00e1 expresamente exonerada de cualquier responsabilidad que pudiera derivarse del uso de su p\u00e1gina oficial por menores e incapaces siendo dicha responsabilidad de sus representantes legales en cada caso.<\/p>\n<p><strong>4.3 Finalidades a que se destinan los datos de car\u00e1cter personal, informaci\u00f3n y consentimiento<\/strong><\/p>\n<p>Los datos personales proporcionados voluntariamente por el usuario formar\u00e1n parte de un tratamiento de datos responsabilidad de Jordi MR, SL con la finalidad de ofrecerle informaci\u00f3n de la entidad por e- mail, fax, SMS, MMS, comunidades sociales o cualesquier otro medio electr\u00f3nico o f\u00edsico, presente o futuro, que posibilite realizar comunicaci\u00f3n comerciales, env\u00edo de newsletter a aquellos usuarios que se suscriban, intercambiar informaci\u00f3n con Jordi MR, SL \u00a0y otros usuarios y establecer comunicaci\u00f3n con terceros. Desde el momento en que el usuario utiliza la presente p\u00e1gina oficial presta su consentimiento libre, inequ\u00edvoco, espec\u00edfico, informado y expreso para el tratamiento de sus datos personales por Jordi MR, SL para la correcta prestaci\u00f3n de dichos servicios de acuerdo con lo establecido en la presente pol\u00edtica.<\/p>\n<p>[\/et_pb_text][\/et_pb_column][\/et_pb_row][\/et_pb_section]<\/p>\n","protected":false},"excerpt":{"rendered":"<p>INFORMACI\u00d3N AL USUARIO: Jordi MR, SL es el responsable del tratamiento de los datos personales del Usuario y le informa que estos datos ser\u00e1n tratados de conformidad con lo dispuesto en el Reglamento (UE) 2016\/679 de 27 de abril de 2016 (GDPR) relativo a la protecci\u00f3n de las personas f\u00edsicas en lo que respecta al [&hellip;]<\/p>\n","protected":false},"author":1,"featured_media":0,"parent":0,"menu_order":0,"comment_status":"closed","ping_status":"closed","template":"","meta":{"_et_pb_use_builder":"on","_et_pb_old_content":"","_et_gb_content_width":"","footnotes":""},"yoast_head":"<!-- This site is optimized with the Yoast SEO plugin v20.3 - https:\/\/yoast.com\/wordpress\/plugins\/seo\/ -->\n<title>Pol\u00edtica de privacidad - Mesmedis<\/title>\n<meta name=\"robots\" content=\"index, follow, max-snippet:-1, max-image-preview:large, max-video-preview:-1\" \/>\n<link rel=\"canonical\" href=\"https:\/\/www.mesmedis.com\/web\/politica-de-privacidad\/\" \/>\n<meta property=\"og:locale\" content=\"es_ES\" \/>\n<meta property=\"og:type\" content=\"article\" \/>\n<meta property=\"og:title\" content=\"Pol\u00edtica de privacidad - Mesmedis\" \/>\n<meta property=\"og:description\" content=\"INFORMACI\u00d3N AL USUARIO: Jordi MR, SL es el responsable del tratamiento de los datos personales del Usuario y le informa que estos datos ser\u00e1n tratados de conformidad con lo dispuesto en el Reglamento (UE) 2016\/679 de 27 de abril de 2016 (GDPR) relativo a la protecci\u00f3n de las personas f\u00edsicas en lo que respecta al [&hellip;]\" \/>\n<meta property=\"og:url\" content=\"https:\/\/www.mesmedis.com\/web\/politica-de-privacidad\/\" \/>\n<meta property=\"og:site_name\" content=\"Mesmedis\" \/>\n<meta property=\"article:modified_time\" content=\"2023-03-24T17:53:46+00:00\" \/>\n<meta name=\"twitter:card\" content=\"summary_large_image\" \/>\n<meta name=\"twitter:label1\" content=\"Tiempo de lectura\" \/>\n\t<meta name=\"twitter:data1\" content=\"6 minutos\" \/>\n<script type=\"application\/ld+json\" class=\"yoast-schema-graph\">{\"@context\":\"https:\/\/schema.org\",\"@graph\":[{\"@type\":\"WebPage\",\"@id\":\"https:\/\/www.mesmedis.com\/web\/politica-de-privacidad\/\",\"url\":\"https:\/\/www.mesmedis.com\/web\/politica-de-privacidad\/\",\"name\":\"Pol\u00edtica de privacidad - Mesmedis\",\"isPartOf\":{\"@id\":\"https:\/\/www.mesmedis.com\/web\/#website\"},\"datePublished\":\"2023-02-08T13:02:10+00:00\",\"dateModified\":\"2023-03-24T17:53:46+00:00\",\"breadcrumb\":{\"@id\":\"https:\/\/www.mesmedis.com\/web\/politica-de-privacidad\/#breadcrumb\"},\"inLanguage\":\"es\",\"potentialAction\":[{\"@type\":\"ReadAction\",\"target\":[\"https:\/\/www.mesmedis.com\/web\/politica-de-privacidad\/\"]}]},{\"@type\":\"BreadcrumbList\",\"@id\":\"https:\/\/www.mesmedis.com\/web\/politica-de-privacidad\/#breadcrumb\",\"itemListElement\":[{\"@type\":\"ListItem\",\"position\":1,\"name\":\"Portada\",\"item\":\"https:\/\/www.mesmedis.com\/web\/\"},{\"@type\":\"ListItem\",\"position\":2,\"name\":\"Pol\u00edtica de privacidad\"}]},{\"@type\":\"WebSite\",\"@id\":\"https:\/\/www.mesmedis.com\/web\/#website\",\"url\":\"https:\/\/www.mesmedis.com\/web\/\",\"name\":\"Mesmedis\",\"description\":\"Just another WordPress site\",\"potentialAction\":[{\"@type\":\"SearchAction\",\"target\":{\"@type\":\"EntryPoint\",\"urlTemplate\":\"https:\/\/www.mesmedis.com\/web\/?s={search_term_string}\"},\"query-input\":\"required name=search_term_string\"}],\"inLanguage\":\"es\"}]}<\/script>\n<!-- \/ Yoast SEO plugin. -->","yoast_head_json":{"title":"Pol\u00edtica de privacidad - Mesmedis","robots":{"index":"index","follow":"follow","max-snippet":"max-snippet:-1","max-image-preview":"max-image-preview:large","max-video-preview":"max-video-preview:-1"},"canonical":"https:\/\/www.mesmedis.com\/web\/politica-de-privacidad\/","og_locale":"es_ES","og_type":"article","og_title":"Pol\u00edtica de privacidad - Mesmedis","og_description":"INFORMACI\u00d3N AL USUARIO: Jordi MR, SL es el responsable del tratamiento de los datos personales del Usuario y le informa que estos datos ser\u00e1n tratados de conformidad con lo dispuesto en el Reglamento (UE) 2016\/679 de 27 de abril de 2016 (GDPR) relativo a la protecci\u00f3n de las personas f\u00edsicas en lo que respecta al [&hellip;]","og_url":"https:\/\/www.mesmedis.com\/web\/politica-de-privacidad\/","og_site_name":"Mesmedis","article_modified_time":"2023-03-24T17:53:46+00:00","twitter_card":"summary_large_image","twitter_misc":{"Tiempo de lectura":"6 minutos"},"schema":{"@context":"https:\/\/schema.org","@graph":[{"@type":"WebPage","@id":"https:\/\/www.mesmedis.com\/web\/politica-de-privacidad\/","url":"https:\/\/www.mesmedis.com\/web\/politica-de-privacidad\/","name":"Pol\u00edtica de privacidad - Mesmedis","isPartOf":{"@id":"https:\/\/www.mesmedis.com\/web\/#website"},"datePublished":"2023-02-08T13:02:10+00:00","dateModified":"2023-03-24T17:53:46+00:00","breadcrumb":{"@id":"https:\/\/www.mesmedis.com\/web\/politica-de-privacidad\/#breadcrumb"},"inLanguage":"es","potentialAction":[{"@type":"ReadAction","target":["https:\/\/www.mesmedis.com\/web\/politica-de-privacidad\/"]}]},{"@type":"BreadcrumbList","@id":"https:\/\/www.mesmedis.com\/web\/politica-de-privacidad\/#breadcrumb","itemListElement":[{"@type":"ListItem","position":1,"name":"Portada","item":"https:\/\/www.mesmedis.com\/web\/"},{"@type":"ListItem","position":2,"name":"Pol\u00edtica de privacidad"}]},{"@type":"WebSite","@id":"https:\/\/www.mesmedis.com\/web\/#website","url":"https:\/\/www.mesmedis.com\/web\/","name":"Mesmedis","description":"Just another WordPress site","potentialAction":[{"@type":"SearchAction","target":{"@type":"EntryPoint","urlTemplate":"https:\/\/www.mesmedis.com\/web\/?s={search_term_string}"},"query-input":"required name=search_term_string"}],"inLanguage":"es"}]}},"_links":{"self":[{"href":"https:\/\/www.mesmedis.com\/web\/wp-json\/wp\/v2\/pages\/501"}],"collection":[{"href":"https:\/\/www.mesmedis.com\/web\/wp-json\/wp\/v2\/pages"}],"about":[{"href":"https:\/\/www.mesmedis.com\/web\/wp-json\/wp\/v2\/types\/page"}],"author":[{"embeddable":true,"href":"https:\/\/www.mesmedis.com\/web\/wp-json\/wp\/v2\/users\/1"}],"replies":[{"embeddable":true,"href":"https:\/\/www.mesmedis.com\/web\/wp-json\/wp\/v2\/comments?post=501"}],"version-history":[{"count":3,"href":"https:\/\/www.mesmedis.com\/web\/wp-json\/wp\/v2\/pages\/501\/revisions"}],"predecessor-version":[{"id":582,"href":"https:\/\/www.mesmedis.com\/web\/wp-json\/wp\/v2\/pages\/501\/revisions\/582"}],"wp:attachment":[{"href":"https:\/\/www.mesmedis.com\/web\/wp-json\/wp\/v2\/media?parent=501"}],"curies":[{"name":"wp","href":"https:\/\/api.w.org\/{rel}","templated":true}]}}